{"id":4968,"date":"2019-04-17T09:29:53","date_gmt":"2019-04-17T09:29:53","guid":{"rendered":"https:\/\/batailley.com\/home\/"},"modified":"2023-04-24T16:12:08","modified_gmt":"2023-04-24T14:12:08","slug":"home","status":"publish","type":"page","link":"https:\/\/batailley.com\/en\/","title":{"rendered":"Home"},"content":{"rendered":"<div class=\"wpb-content-wrapper\">[vc_row full_height=&#8221;yes&#8221; columns_placement=&#8221;stretch&#8221; content_placement=&#8221;middle&#8221; disable_element=&#8221;yes&#8221; el_class=&#8221;vc_row_splash&#8221; css=&#8221;.vc_custom_1583489545979{background-image: url(https:\/\/batailley.com\/wp-content\/uploads\/2019\/05\/intro-background-5.jpg?id=453) !important;background-position: center !important;background-repeat: no-repeat !important;background-size: cover !important;}&#8221;][vc_column][vc_column_text]<img loading=\"lazy\" decoding=\"async\" class=\"size-full wp-image-2777 aligncenter\" src=\"https:\/\/batailley.com\/wp-content\/uploads\/2021\/05\/logo.png\" alt=\"\" width=\"516\" height=\"366\" srcset=\"https:\/\/batailley.com\/wp-content\/uploads\/2021\/05\/logo.png 516w, https:\/\/batailley.com\/wp-content\/uploads\/2021\/05\/logo-300x213.png 300w\" sizes=\"auto, (max-width: 516px) 100vw, 516px\" \/>[\/vc_column_text][\/vc_column][\/vc_row][vc_row full_height=&#8221;yes&#8221; columns_placement=&#8221;stretch&#8221; equal_height=&#8221;yes&#8221; css_animation=&#8221;none&#8221; el_id=&#8221;section-1&#8243; el_class=&#8221;vc_row_slider&#8221;][vc_column el_class=&#8221;column-no-zindex&#8221;]\t<section class=\"section-slider-main\">\r\n\t\t\r\n\t\t<div class=\"slider-main\">\r\n\t\t\t<div class=\"slider__clip swiper-container\">\r\n\t\t\t\t<div class=\"slider__slides swiper-wrapper\">\r\n\t\t\t\t\t\t<div class=\"slider__slide swiper-slide\">\r\n\t\t<div class=\"slider__slide-image\"\r\n\t\tstyle=\"background-image: url(https:\/\/batailley.com\/wp-content\/uploads\/2021\/10\/BLOC-1-1920x1279.jpg);\">\r\n\t\t<\/div><!-- \/.slider__slide-image -->\r\n\r\n\t\t\t\t\t<div class=\"slider__slide-content\">\r\n\t\t\t\t<a href=\"https:\/\/batailley.com\/en\/\" class=\"intro-logo\">\r\n\t\t\t\t\t<img loading=\"lazy\" decoding=\"async\" width=\"410\" height=\"326\" src=\"https:\/\/batailley.com\/wp-content\/uploads\/2021\/09\/logo-batailley-blanc-6.png\" class=\"aligncenter logo-desktop\" alt=\"\" srcset=\"https:\/\/batailley.com\/wp-content\/uploads\/2021\/09\/logo-batailley-blanc-6.png 410w, https:\/\/batailley.com\/wp-content\/uploads\/2021\/09\/logo-batailley-blanc-6-300x239.png 300w\" sizes=\"auto, (max-width: 410px) 100vw, 410px\" \/><img loading=\"lazy\" decoding=\"async\" width=\"410\" height=\"326\" src=\"https:\/\/batailley.com\/wp-content\/uploads\/2021\/09\/logo-batailley-blanc-6.png\" class=\"aligncenter logo-mobile\" alt=\"\" srcset=\"https:\/\/batailley.com\/wp-content\/uploads\/2021\/09\/logo-batailley-blanc-6.png 410w, https:\/\/batailley.com\/wp-content\/uploads\/2021\/09\/logo-batailley-blanc-6-300x239.png 300w\" sizes=\"auto, (max-width: 410px) 100vw, 410px\" \/>\t\t\t\t<\/a>\r\n\t\t\t<\/div><!-- \/.slider__slide-content -->\r\n\t\t\t<\/div><!-- \/.slider__slide -->\r\n\t\t<div class=\"slider__slide swiper-slide\">\r\n\t\t<div class=\"slider__slide-image slider__slide--video\">\r\n\t\t\t<div id=\"video-MpQ0VmxN9dA\"\r\n\t\t\t\tclass=\"video\"\r\n\t\t\t\tdata-video-width=\"640\"\r\n\t\t\t\tdata-video-height=\"360\"\r\n\t\t\t\tdata-video-offset=\"20\"\r\n\t\t\t>\r\n\t\t\t\t<div class=\"js-player\"\r\n\t\t\t\t\tid=\"player-MpQ0VmxN9dA\"\r\n\t\t\t\t\tdata-plyr-provider=\"youtube\"\r\n\t\t\t\t\tdata-plyr-embed-id=\"MpQ0VmxN9dA\"\r\n\t\t\t\t><\/div>\r\n\t\t\t<\/div><!-- \/.video -->\r\n\t\t<\/div><!-- \/.slider__slide-image -->\r\n\r\n\t\t\t<\/div><!-- \/.slider__slide -->\r\n\t\n\t\t\t\t<\/div><!-- \/.slider__slides -->\r\n\t\t\t<\/div><!-- \/.slider__clip -->\r\n\r\n\t\t\t<div class=\"swiper-button-prev\"><\/div>\r\n\t\t\t<div class=\"swiper-button-next\"><\/div>\r\n\t\t<\/div><!-- \/.slider-main -->\r\n\t<\/section><!-- \/.section-slider-main -->\r\n\t[\/vc_column][\/vc_row][vc_row full_height=&#8221;yes&#8221; columns_placement=&#8221;stretch&#8221; equal_height=&#8221;yes&#8221; content_placement=&#8221;middle&#8221; el_id=&#8221;section-2&#8243; el_class=&#8221;vc_row_overlap&#8221;][vc_column css_animation=&#8221;fadeInLeft&#8221; width=&#8221;5\/12&#8243;][vc_column_text]\n<h2><span style=\"color: #491600;\">Batailley and the<\/span><br \/>\n<span style=\"color: #491600;\">Borie-Cast\u00e9ja family:<\/span><br \/>\n<span style=\"color: #491600;\">a story that began<\/span><br \/>\n<span style=\"color: #491600;\">in 1924<\/span><\/h2>\n<p>The Borie brothers, co-owners of Maison Borie-Manoux, bought Ch\u00e2teau Batailley in 1924.<\/p>\n<p><a href=\"https:\/\/batailley.com\/en\/presentation\/\">Learn about the Ch\u00e2teau\u2019s history<\/a>[\/vc_column_text][\/vc_column][vc_column css_animation=&#8221;none&#8221; width=&#8221;7\/12&#8243; css=&#8221;.vc_custom_1633674318831{padding-right: 15px !important;background-position: center !important;background-repeat: no-repeat !important;background-size: cover !important;}&#8221; el_class=&#8221;column-no-zindex slider-image-top&#8221;]\t<section class=\"section-slider-main\">\r\n\t\t\r\n\t\t<div class=\"slider-main\">\r\n\t\t\t<div class=\"slider__clip swiper-container\">\r\n\t\t\t\t<div class=\"slider__slides swiper-wrapper\">\r\n\t\t\t\t\t\t<div class=\"slider__slide swiper-slide\">\r\n\t\t<div class=\"slider__slide-image\"\r\n\t\tstyle=\"background-image: url(https:\/\/batailley.com\/wp-content\/uploads\/2021\/09\/IMG_7860.jpg);\">\r\n\t\t<\/div><!-- \/.slider__slide-image -->\r\n\r\n\t\t\t<\/div><!-- \/.slider__slide -->\r\n\t\t<div class=\"slider__slide swiper-slide\">\r\n\t\t<div class=\"slider__slide-image\"\r\n\t\tstyle=\"background-image: url(https:\/\/batailley.com\/wp-content\/uploads\/2021\/09\/BLOC-2-SLIDER-MARCEL-BORIE-1920x2473.jpg);\">\r\n\t\t<\/div><!-- \/.slider__slide-image -->\r\n\r\n\t\t\t<\/div><!-- \/.slider__slide -->\r\n\t\n\t\t\t\t<\/div><!-- \/.slider__slides -->\r\n\t\t\t<\/div><!-- \/.slider__clip -->\r\n\r\n\t\t\t<div class=\"swiper-button-prev\"><\/div>\r\n\t\t\t<div class=\"swiper-button-next\"><\/div>\r\n\t\t<\/div><!-- \/.slider-main -->\r\n\t<\/section><!-- \/.section-slider-main -->\r\n\t[\/vc_column][\/vc_row][vc_row content_placement=&#8221;bottom&#8221; el_id=&#8221;section-3&#8243; css=&#8221;.vc_custom_1621578947557{background-color: #f8f7f7 !important;}&#8221; el_class=&#8221;vc_row_overlap&#8221;][vc_column css_animation=&#8221;fadeInLeft&#8221; width=&#8221;5\/12&#8243;][vc_single_image image=&#8221;3391&#8243; img_size=&#8221;full&#8221; alignment=&#8221;right&#8221;][\/vc_column][vc_column css_animation=&#8221;fadeInRight&#8221; width=&#8221;7\/12&#8243; el_class=&#8221;flex-center&#8221;][vc_column_text]\n<h2><span style=\"color: #491600;\">A vineyard<\/span><br \/>\n<span style=\"color: #491600;\">and gateway to Pauillac,<\/span><br \/>\n<span style=\"color: #491600;\">capital of M\u00e9doc<\/span><\/h2>\n<p>With 60 hectares of vines planted on old and deep G\u00fcnz, silica and sand gravel soils, the vineyard of Ch\u00e2teau Batailley boasts grape varieties typical of the Pauillac designation: merlot, cabernet sauvignon, cabernet franc and petit verdot.<\/p>\n<p><a href=\"https:\/\/batailley.com\/en\/terroir-and-know-how\/\">For more information on Batailley\u2019s land<\/a>[\/vc_column_text][\/vc_column][\/vc_row][vc_row full_height=&#8221;yes&#8221; columns_placement=&#8221;stretch&#8221; equal_height=&#8221;yes&#8221; el_id=&#8221;section-4&#8243;][vc_column el_class=&#8221;column-no-zindex&#8221;]\t<section class=\"section-slider-main\">\r\n\t\t\t\t\t<div class=\"section__body\">\r\n\t\t\t\t<div class=\"shell\">\r\n\t\t\t\t\t<div class=\"section__body-inner\">\r\n\t\t\t\t\t\t\t\t\t\t\t\t\t<h3>\r\n\t\t\t\t\t\t\t\t<span>\r\n\t\t\t\t\t\t\t\t\tUnique expertise<br \/>\nthat produces exceptional wines\t\t\t\t\t\t\t\t<\/span>\r\n\t\t\t\t\t\t\t<\/h3>\r\n\t\t\t\t\t\t\r\n\t\t\t\t\t\t<p>Our wines are carefully produced<br \/>\naccording to M\u00e9doc tradition,<br \/>\nensuring their exceptional quality.<\/p>\n\r\n\t\t\t\t\t\t\t\t\t\t\t\t\t<p>\r\n\t\t\t\t\t\t\t\t<a href=\"https:\/\/batailley.com\/en\/terroir\/\">\r\n\t\t\t\t\t\t\t\t\tOur expertise\t\t\t\t\t\t\t\t<\/a>\r\n\t\t\t\t\t\t\t<\/p>\r\n\t\t\t\t\t\t\t\t\t\t\t<\/div><!-- \/.section__body-inner -->\r\n\t\t\t\t<\/div><!-- \/.shell -->\r\n\t\t\t<\/div><!-- \/.section__body -->\r\n\t\t\r\n\t\t<div class=\"slider-main\">\r\n\t\t\t<div class=\"slider__clip swiper-container\">\r\n\t\t\t\t<div class=\"slider__slides swiper-wrapper\">\r\n\t\t\t\t\t\t<div class=\"slider__slide swiper-slide\">\r\n\t\t<div class=\"slider__slide-image\"\r\n\t\tstyle=\"background-image: url(https:\/\/batailley.com\/wp-content\/uploads\/2021\/09\/7H0A9020.jpg);\">\r\n\t\t<\/div><!-- \/.slider__slide-image -->\r\n\r\n\t\t\t<\/div><!-- \/.slider__slide -->\r\n\t\t<div class=\"slider__slide swiper-slide\">\r\n\t\t<div class=\"slider__slide-image\"\r\n\t\tstyle=\"background-image: url(https:\/\/batailley.com\/wp-content\/uploads\/2021\/09\/BLOC-4-SLIDER-SAVOIR-FAIRE--1920x1280.jpg);\">\r\n\t\t<\/div><!-- \/.slider__slide-image -->\r\n\r\n\t\t\t<\/div><!-- \/.slider__slide -->\r\n\t\n\t\t\t\t<\/div><!-- \/.slider__slides -->\r\n\t\t\t<\/div><!-- \/.slider__clip -->\r\n\r\n\t\t\t<div class=\"swiper-button-prev\"><\/div>\r\n\t\t\t<div class=\"swiper-button-next\"><\/div>\r\n\t\t<\/div><!-- \/.slider-main -->\r\n\t<\/section><!-- \/.section-slider-main -->\r\n\t[\/vc_column][\/vc_row][vc_row full_height=&#8221;yes&#8221; columns_placement=&#8221;stretch&#8221; equal_height=&#8221;yes&#8221; content_placement=&#8221;middle&#8221; el_id=&#8221;section-5&#8243; el_class=&#8221;vc_row_overlap&#8221;][vc_column css_animation=&#8221;fadeInLeft&#8221; width=&#8221;5\/12&#8243;][vc_column_text]\n<h3><span style=\"color: #491600;\">A team supported <\/span><br \/>\n<span style=\"color: #491600;\">by the Cast\u00e9ja family<\/span><\/h3>\n<p>Our strong team at Ch\u00e2teau Batailley is supported by the Cast\u00e9ja family, who always strive for perfection.<br \/>\n<a href=\"https:\/\/batailley.com\/en\/team\/\">Meet the team<\/a>[\/vc_column_text][\/vc_column][vc_column css_animation=&#8221;none&#8221; width=&#8221;7\/12&#8243; css=&#8221;.vc_custom_1647338209007{padding-right: 15px !important;background-image: url(https:\/\/batailley.com\/wp-content\/uploads\/2021\/10\/CASTEJA-PHILIPPE.FREDERIC-CASTEJA-BIBLIOTHEQUE-CHT-BATAILLEY-2.jpg?id=4005) !important;background-position: center !important;background-repeat: no-repeat !important;background-size: cover !important;}&#8221;][\/vc_column][\/vc_row][vc_row full_height=&#8221;yes&#8221; columns_placement=&#8221;stretch&#8221; equal_height=&#8221;yes&#8221; content_placement=&#8221;middle&#8221; el_id=&#8221;section-6&#8243;][vc_column css_animation=&#8221;fadeInLeft&#8221; width=&#8221;1\/2&#8243; css=&#8221;.vc_custom_1647338222347{background-image: url(https:\/\/batailley.com\/wp-content\/uploads\/2021\/09\/BLOC-6.jpg?id=3405) !important;background-position: center !important;background-repeat: no-repeat !important;background-size: cover !important;}&#8221;][\/vc_column][vc_column css_animation=&#8221;fadeInRight&#8221; width=&#8221;1\/2&#8243;][vc_column_text]\n<h3><span style=\"color: #491600;\">Crisp, potent and <\/span><br \/>\n<span style=\"color: #491600;\">sophisticated wines<\/span><\/h3>\n<p>Le Ch\u00e2teau Batailley, our Cinqui\u00e8me Grand Cru Class\u00e9 designated as AOC Pauillac; Lions de Batailley, the Ch\u00e2teau\u2019s second wine; and Pauillac de Batailley, the Ch\u00e2teau&#8217;s third wine, are all crisp, potent and sophisticated, brimming with spectacular aromas. Our second and third wines are made using the youngest vines in our vineyard.<\/p>\n<p><a href=\"https:\/\/batailley.com\/en\/our-wines\/\">For more information on our wines<\/a>[\/vc_column_text][\/vc_column][\/vc_row][vc_row full_height=&#8221;yes&#8221; columns_placement=&#8221;stretch&#8221; equal_height=&#8221;yes&#8221; content_placement=&#8221;middle&#8221; el_id=&#8221;section-7&#8243; css=&#8221;.vc_custom_1630480612429{padding-top: 80px !important;background-color: #f8f7f7 !important;}&#8221;][vc_column][vc_row_inner el_class=&#8221;vc_row_news_title&#8221;][vc_column_inner el_class=&#8221;section-news-text&#8221;][vc_column_text]\n<h2><span style=\"color: #491600;\">Our latest news<\/span><\/h2>\n[\/vc_column_text][\/vc_column_inner][\/vc_row_inner]\t<section class=\"section-news\">\r\n\t\t<div class=\"section__body\">\r\n\t\t\t<div class=\"shell\">\r\n\t\t\t\t<ol class=\"articles\">\r\n\t\t\t\t\t\t\t\t\t\t\t<li class=\"article\">\r\n\t\t\t\t\t\t\t<div class=\"article__inner\">\r\n\t\t\t\t\t\t\t\t\t\t\t\t\t\t\t\t\t<div class=\"article__image\">\r\n\t\t\t\t\t\t\t\t\t\t<a href=\"https:\/\/batailley.com\/en\/chateau-batailley-among-the-best-wines-of-france-according-to-the-rvf\/\" class=\"article__image-inner\"\r\n\t\t\t\t\t\t\t\t\t\tstyle=\"background-image: url(https:\/\/batailley.com\/wp-content\/uploads\/2022\/09\/Chateau-Batailley-2-768x768.jpeg);\">\r\n\t\t\t\t\t\t\t\t\t\t<\/a>\r\n\t\t\t\t\t\t\t\t\t<\/div><!-- \/.article__image -->\r\n\t\t\t\t\t\t\t\t\t\t\t\t\t\t\t\t<div class=\"article__body\">\r\n\t\t\t\t\t\t\t\t\t<div class=\"article__meta\">\r\n\t\t\t\t\t\t\t\t\t\t<ul>\r\n\t\t\t\t\t\t\t\t\t\t\t<li>28 September 2022<\/li>\r\n\t\t\t\t\t\t\t\t\t\t<\/ul>\r\n\t\t\t\t\t\t\t\t\t<\/div><!-- \/.article__meta -->\r\n\t\t\t\t\t\t\t\t\t<div class=\"article__content\">\r\n\t\t\t\t\t\t\t\t\t\t<h2>\r\n\t\t\t\t\t\t\t\t\t\t\t<a href=\"https:\/\/batailley.com\/en\/chateau-batailley-among-the-best-wines-of-france-according-to-the-rvf\/\">\r\n\t\t\t\t\t\t\t\t\t\t\t\tCh\u00e2teau Batailley among the best wines of France according to the RVF\t\t\t\t\t\t\t\t\t\t\t<\/a>\r\n\t\t\t\t\t\t\t\t\t\t<\/h2>\r\n\t\t\t\t\t\t\t\t\t\t<p>Ch\u00e2teau Batailley, the Pauillac with a very typical profile of the great wines of the Medoc appears in the ranking of the best wines of France in the (&#8230;)<\/p>\n\t\t\t\t\t\t\t\t\t<\/div><!-- \/.article__content -->\r\n\t\t\t\t\t\t\t\t\t<div class=\"article__actions\">\r\n\t\t\t\t\t\t\t\t\t\t<a href=\"https:\/\/batailley.com\/en\/chateau-batailley-among-the-best-wines-of-france-according-to-the-rvf\/\">Read more<\/a>\r\n\t\t\t\t\t\t\t\t\t<\/div><!-- \/.article__actions -->\r\n\t\t\t\t\t\t\t\t<\/div><!-- \/.article__body -->\r\n\t\t\t\t\t\t\t<\/div><!-- \/.article__inner -->\r\n\t\t\t\t\t\t<\/li><!-- \/.article -->\r\n\t\t\t\t\t\t\t\t\t<\/ol><!-- \/.articles -->\r\n\t\t\t<\/div><!-- \/.shell -->\r\n\t\t<\/div><!-- \/.section__body -->\r\n\t<\/section><!-- \/.section-news -->\r\n\t[\/vc_column][\/vc_row]\n<\/div>","protected":false},"excerpt":{"rendered":"<p>[vc_row full_height=&#8221;yes&#8221; columns_placement=&#8221;stretch&#8221; content_placement=&#8221;middle&#8221; disable_element=&#8221;yes&#8221; el_class=&#8221;vc_row_splash&#8221; css=&#8221;.vc_custom_1583489545979{background-image: url(https:\/\/batailley.com\/wp-content\/uploads\/2019\/05\/intro-background-5.jpg?id=453) !important;background-position: center !important;background-repeat: no-repeat !important;background-size: cover !important;}&#8221;][vc_column][vc_column_text][\/vc_column_text][\/vc_column][\/vc_row][vc_row full_height=&#8221;yes&#8221; columns_placement=&#8221;stretch&#8221; equal_height=&#8221;yes&#8221; css_animation=&#8221;none&#8221; el_id=&#8221;section-1&#8243; el_class=&#8221;vc_row_slider&#8221;][vc_column el_class=&#8221;column-no-zindex&#8221;][\/vc_column][\/vc_row][vc_row full_height=&#8221;yes&#8221; columns_placement=&#8221;stretch&#8221; equal_height=&#8221;yes&#8221; content_placement=&#8221;middle&#8221; el_id=&#8221;section-2&#8243; el_class=&#8221;vc_row_overlap&#8221;][vc_column (&#8230;)<\/p>\n","protected":false},"author":3,"featured_media":0,"parent":0,"menu_order":0,"comment_status":"closed","ping_status":"closed","template":"","meta":{"footnotes":""},"class_list":["post-4968","page","type-page","status-publish","hentry"],"yoast_head":"<!-- This site is optimized with the Yoast SEO plugin v23.8 - https:\/\/yoast.com\/wordpress\/plugins\/seo\/ -->\n<title>Ch\u00e2teau Batailley - Grand Cru Classe en 1855<\/title>\n<meta name=\"description\" content=\"With 60 hectares of vines planted on old and deep G\u00fcnz, silica and sand gravel soils,\" \/>\n<meta name=\"robots\" content=\"index, follow, max-snippet:-1, max-image-preview:large, max-video-preview:-1\" \/>\n<link rel=\"canonical\" href=\"https:\/\/batailley.com\/en\/\" \/>\n<meta property=\"og:locale\" content=\"en_US\" \/>\n<meta property=\"og:type\" content=\"article\" \/>\n<meta property=\"og:title\" content=\"Ch\u00e2teau Batailley - Grand Cru Classe en 1855\" \/>\n<meta property=\"og:description\" content=\"With 60 hectares of vines planted on old and deep G\u00fcnz, silica and sand gravel soils,\" \/>\n<meta property=\"og:url\" content=\"https:\/\/batailley.com\/en\/\" \/>\n<meta property=\"og:site_name\" content=\"Ch\u00e2teau Batailley\" \/>\n<meta property=\"article:modified_time\" content=\"2023-04-24T14:12:08+00:00\" \/>\n<meta property=\"og:image\" content=\"https:\/\/batailley.com\/wp-content\/uploads\/2021\/05\/logo.png\" \/>\n<meta name=\"twitter:card\" content=\"summary_large_image\" \/>\n<meta name=\"twitter:label1\" content=\"Est. reading time\" \/>\n\t<meta name=\"twitter:data1\" content=\"2 minutes\" \/>\n<script type=\"application\/ld+json\" class=\"yoast-schema-graph\">{\"@context\":\"https:\/\/schema.org\",\"@graph\":[{\"@type\":\"WebPage\",\"@id\":\"https:\/\/batailley.com\/en\/\",\"url\":\"https:\/\/batailley.com\/en\/\",\"name\":\"Ch\u00e2teau Batailley - Grand Cru Classe en 1855\",\"isPartOf\":{\"@id\":\"https:\/\/batailley.com\/en\/#website\"},\"primaryImageOfPage\":{\"@id\":\"https:\/\/batailley.com\/en\/#primaryimage\"},\"image\":{\"@id\":\"https:\/\/batailley.com\/en\/#primaryimage\"},\"thumbnailUrl\":\"https:\/\/batailley.com\/wp-content\/uploads\/2021\/05\/logo.png\",\"datePublished\":\"2019-04-17T09:29:53+00:00\",\"dateModified\":\"2023-04-24T14:12:08+00:00\",\"description\":\"With 60 hectares of vines planted on old and deep G\u00fcnz, silica and sand gravel soils,\",\"breadcrumb\":{\"@id\":\"https:\/\/batailley.com\/en\/#breadcrumb\"},\"inLanguage\":\"en-US\",\"potentialAction\":[{\"@type\":\"ReadAction\",\"target\":[\"https:\/\/batailley.com\/en\/\"]}]},{\"@type\":\"ImageObject\",\"inLanguage\":\"en-US\",\"@id\":\"https:\/\/batailley.com\/en\/#primaryimage\",\"url\":\"https:\/\/batailley.com\/wp-content\/uploads\/2021\/05\/logo.png\",\"contentUrl\":\"https:\/\/batailley.com\/wp-content\/uploads\/2021\/05\/logo.png\"},{\"@type\":\"BreadcrumbList\",\"@id\":\"https:\/\/batailley.com\/en\/#breadcrumb\",\"itemListElement\":[{\"@type\":\"ListItem\",\"position\":1,\"name\":\"Accueil\",\"item\":\"https:\/\/batailley.com\/en\/\"},{\"@type\":\"ListItem\",\"position\":2,\"name\":\"Home\"}]},{\"@type\":\"WebSite\",\"@id\":\"https:\/\/batailley.com\/en\/#website\",\"url\":\"https:\/\/batailley.com\/en\/\",\"name\":\"Ch\u00e2teau Batailley\",\"description\":\"Grand Cru Classe en 1855\",\"potentialAction\":[{\"@type\":\"SearchAction\",\"target\":{\"@type\":\"EntryPoint\",\"urlTemplate\":\"https:\/\/batailley.com\/en\/?s={search_term_string}\"},\"query-input\":{\"@type\":\"PropertyValueSpecification\",\"valueRequired\":true,\"valueName\":\"search_term_string\"}}],\"inLanguage\":\"en-US\"}]}<\/script>\n<!-- \/ Yoast SEO plugin. -->","yoast_head_json":{"title":"Ch\u00e2teau Batailley - Grand Cru Classe en 1855","description":"With 60 hectares of vines planted on old and deep G\u00fcnz, silica and sand gravel soils,","robots":{"index":"index","follow":"follow","max-snippet":"max-snippet:-1","max-image-preview":"max-image-preview:large","max-video-preview":"max-video-preview:-1"},"canonical":"https:\/\/batailley.com\/en\/","og_locale":"en_US","og_type":"article","og_title":"Ch\u00e2teau Batailley - Grand Cru Classe en 1855","og_description":"With 60 hectares of vines planted on old and deep G\u00fcnz, silica and sand gravel soils,","og_url":"https:\/\/batailley.com\/en\/","og_site_name":"Ch\u00e2teau Batailley","article_modified_time":"2023-04-24T14:12:08+00:00","og_image":[{"url":"https:\/\/batailley.com\/wp-content\/uploads\/2021\/05\/logo.png"}],"twitter_card":"summary_large_image","twitter_misc":{"Est. reading time":"2 minutes"},"schema":{"@context":"https:\/\/schema.org","@graph":[{"@type":"WebPage","@id":"https:\/\/batailley.com\/en\/","url":"https:\/\/batailley.com\/en\/","name":"Ch\u00e2teau Batailley - Grand Cru Classe en 1855","isPartOf":{"@id":"https:\/\/batailley.com\/en\/#website"},"primaryImageOfPage":{"@id":"https:\/\/batailley.com\/en\/#primaryimage"},"image":{"@id":"https:\/\/batailley.com\/en\/#primaryimage"},"thumbnailUrl":"https:\/\/batailley.com\/wp-content\/uploads\/2021\/05\/logo.png","datePublished":"2019-04-17T09:29:53+00:00","dateModified":"2023-04-24T14:12:08+00:00","description":"With 60 hectares of vines planted on old and deep G\u00fcnz, silica and sand gravel soils,","breadcrumb":{"@id":"https:\/\/batailley.com\/en\/#breadcrumb"},"inLanguage":"en-US","potentialAction":[{"@type":"ReadAction","target":["https:\/\/batailley.com\/en\/"]}]},{"@type":"ImageObject","inLanguage":"en-US","@id":"https:\/\/batailley.com\/en\/#primaryimage","url":"https:\/\/batailley.com\/wp-content\/uploads\/2021\/05\/logo.png","contentUrl":"https:\/\/batailley.com\/wp-content\/uploads\/2021\/05\/logo.png"},{"@type":"BreadcrumbList","@id":"https:\/\/batailley.com\/en\/#breadcrumb","itemListElement":[{"@type":"ListItem","position":1,"name":"Accueil","item":"https:\/\/batailley.com\/en\/"},{"@type":"ListItem","position":2,"name":"Home"}]},{"@type":"WebSite","@id":"https:\/\/batailley.com\/en\/#website","url":"https:\/\/batailley.com\/en\/","name":"Ch\u00e2teau Batailley","description":"Grand Cru Classe en 1855","potentialAction":[{"@type":"SearchAction","target":{"@type":"EntryPoint","urlTemplate":"https:\/\/batailley.com\/en\/?s={search_term_string}"},"query-input":{"@type":"PropertyValueSpecification","valueRequired":true,"valueName":"search_term_string"}}],"inLanguage":"en-US"}]}},"_links":{"self":[{"href":"https:\/\/batailley.com\/en\/wp-json\/wp\/v2\/pages\/4968","targetHints":{"allow":["GET"]}}],"collection":[{"href":"https:\/\/batailley.com\/en\/wp-json\/wp\/v2\/pages"}],"about":[{"href":"https:\/\/batailley.com\/en\/wp-json\/wp\/v2\/types\/page"}],"author":[{"embeddable":true,"href":"https:\/\/batailley.com\/en\/wp-json\/wp\/v2\/users\/3"}],"replies":[{"embeddable":true,"href":"https:\/\/batailley.com\/en\/wp-json\/wp\/v2\/comments?post=4968"}],"version-history":[{"count":0,"href":"https:\/\/batailley.com\/en\/wp-json\/wp\/v2\/pages\/4968\/revisions"}],"wp:attachment":[{"href":"https:\/\/batailley.com\/en\/wp-json\/wp\/v2\/media?parent=4968"}],"curies":[{"name":"wp","href":"https:\/\/api.w.org\/{rel}","templated":true}]}}