{"id":5014,"date":"2019-04-17T09:31:27","date_gmt":"2019-04-17T09:31:27","guid":{"rendered":"https:\/\/batailley.com\/terroir-savoir-faire\/"},"modified":"2023-04-19T09:35:41","modified_gmt":"2023-04-19T07:35:41","slug":"terroir-and-know-how","status":"publish","type":"page","link":"https:\/\/batailley.com\/en\/terroir-and-know-how\/","title":{"rendered":"Terroir &#038; Know-How"},"content":{"rendered":"<div class=\"wpb-content-wrapper\">[vc_row full_height=&#8221;yes&#8221; columns_placement=&#8221;stretch&#8221; el_class=&#8221;vc_row_intro vc_row_intro&#8211;alt&#8221; css=&#8221;.vc_custom_1630497206751{background-image: url(https:\/\/batailley.com\/wp-content\/uploads\/2021\/09\/7H0A8782-1.jpg?id=3491) !important;background-position: center !important;background-repeat: no-repeat !important;background-size: cover !important;}&#8221; el_id=&#8221;section-1&#8243;][vc_column][vc_column_text]\t<p>\r\n\t\t<a href=\"https:\/\/batailley.com\/en\/\" class=\"intro-logo\">\r\n\t\t\t<img loading=\"lazy\" decoding=\"async\" width=\"1\" height=\"1\" src=\"https:\/\/batailley.com\/wp-content\/uploads\/2021\/09\/Logo-Batailley-blanc.svg\" class=\"aligncenter logo-desktop\" alt=\"\" \/><img loading=\"lazy\" decoding=\"async\" width=\"1\" height=\"1\" src=\"https:\/\/batailley.com\/wp-content\/uploads\/2021\/09\/Logo-Batailley-blanc.svg\" class=\"aligncenter logo-mobile\" alt=\"\" \/>\t\t<\/a>\r\n\t<\/p>\r\n\t\n<h1 style=\"text-align: center;\"><span style=\"color: #ffffff;\">Terroir &amp; know-how<\/span><\/h1>\n[\/vc_column_text][\/vc_column][\/vc_row][vc_row full_height=&#8221;yes&#8221; columns_placement=&#8221;stretch&#8221; equal_height=&#8221;yes&#8221; content_placement=&#8221;middle&#8221; el_id=&#8221;section-2&#8243;][vc_column css_animation=&#8221;fadeInLeft&#8221; width=&#8221;1\/2&#8243;][vc_column_text]\n<h2><span style=\"color: #491600;\">Pauillac, <\/span><br \/>\n<span style=\"color: #491600;\">capital of M\u00e9doc<\/span><\/h2>\n<p>Considered the wine capital of M\u00e9doc, the port town of Pauillac lies on the left bank of the Gironde River in South-West France, between the appellations of Saint-Est\u00e8phe et Saint-Julien. Established in 1936, the AOC Pauillac designation brings together 37 wine estates. 18 of these are categorised as Grands Crus Class\u00e9s, accounting for 85% of production in the area, three hold Premiers Grands Crus Class\u00e9s status (Ch\u00e2teaux Lafite-Rothschild, Latour and Mouton-Rothschild), and some produce bourgeois and artisan wines. [\/vc_column_text][\/vc_column][vc_column parallax=&#8221;content-moving&#8221; parallax_image=&#8221;1529&#8243; css_animation=&#8221;fadeInRight&#8221; width=&#8221;1\/2&#8243; css=&#8221;.vc_custom_1630496277853{background-image: url(https:\/\/batailley.com\/wp-content\/uploads\/2021\/09\/7H0A8919.jpg?id=3497) !important;background-position: center !important;background-repeat: no-repeat !important;background-size: cover !important;}&#8221;][\/vc_column][\/vc_row][vc_row full_height=&#8221;yes&#8221; equal_height=&#8221;yes&#8221; content_placement=&#8221;middle&#8221; css=&#8221;.vc_custom_1621605077553{background-color: #f8f7f7 !important;}&#8221; el_id=&#8221;section-3&#8243;][vc_column parallax=&#8221;content-moving&#8221; parallax_image=&#8221;1850&#8243; css_animation=&#8221;fadeInLeft&#8221; width=&#8221;1\/3&#8243; css=&#8221;.vc_custom_1630496356193{background-image: url(https:\/\/batailley.com\/wp-content\/uploads\/2021\/09\/7H0A9022-1.jpg?id=3502) !important;background-position: center !important;background-repeat: no-repeat !important;background-size: cover !important;}&#8221;][\/vc_column][vc_column css_animation=&#8221;fadeInRight&#8221; width=&#8221;2\/3&#8243;][vc_column_text]\n<h3><span style=\"color: #491600;\">Homogeneous land<\/span><\/h3>\n<p>Located in the heart of M\u00e9doc and stretching the length of the Gironde Estuary, the mostly sandy gravel-based soils of Pauillac are planted with cabernet, sauvignon, merlot, petit verdot, carm\u00e9n\u00e8re and malbec.<\/p>\n<p>Thanks to its proximity to the Gironde Estuary, the Pauillac area is blessed with an ideal microclimate for grapevine production.<\/p>\n<p>With its exceptional geological and climatic conditions, Pauillac\u2019s 1200 hectares of vineyards are among the most prestigious on the planet. [\/vc_column_text][\/vc_column][\/vc_row][vc_row full_height=&#8221;yes&#8221; equal_height=&#8221;yes&#8221; content_placement=&#8221;middle&#8221; el_id=&#8221;section-4&#8243;][vc_column parallax=&#8221;content-moving&#8221; parallax_image=&#8221;1850&#8243; css_animation=&#8221;fadeInLeft&#8221; width=&#8221;1\/3&#8243; css=&#8221;.vc_custom_1631173520331{background-position: center !important;background-repeat: no-repeat !important;background-size: cover !important;}&#8221; el_class=&#8221;vc_column-no-padding&#8221;][vc_column_text]\n<h3><span style=\"color: #491600;\">A vintage <\/span><br \/>\n<span style=\"color: #491600;\">of choice<\/span><\/h3>\n<p>The wine-growing region of Pauillac is split into two separate areas by the Gahet stream: the North, sitting at 30 meters above sea level on the Pouyalet plateau, and the South, known as Saint-Lambert.<\/p>\n<p>An average of 8 million bottles per year are produced from its 1200 hectares of vines. Yet, Pauillac only accounts for 7.5% of all vines in M\u00e9doc. [\/vc_column_text][\/vc_column][vc_column css_animation=&#8221;fadeInRight&#8221; width=&#8221;2\/3&#8243; css=&#8221;.vc_custom_1630581325019{background-image: url(https:\/\/batailley.com\/wp-content\/uploads\/2021\/09\/7H0A8682.jpg?id=3508) !important;background-position: center !important;background-repeat: no-repeat !important;background-size: cover !important;}&#8221;][\/vc_column][\/vc_row][vc_row full_height=&#8221;yes&#8221; columns_placement=&#8221;stretch&#8221; equal_height=&#8221;yes&#8221; content_placement=&#8221;middle&#8221; css=&#8221;.vc_custom_1630497029658{background-image: url(https:\/\/batailley.com\/wp-content\/uploads\/2021\/09\/7H0A9745.jpg?id=3514) !important;background-position: center !important;background-repeat: no-repeat !important;background-size: cover !important;}&#8221; el_class=&#8221;vc_row_dark_overlay vc_row_dark_overlay&#8211;alt&#8221; el_id=&#8221;section-5&#8243;][vc_column][vc_column_text]\n<h3><span style=\"color: #ffffff;\">Vines of <\/span><br \/>\n<span style=\"color: #ffffff;\">Ch\u00e2teau Batailley<\/span><\/h3>\n<p><span style=\"color: #ffffff;\">Located at the south-western tip of the Pauillac appellation, just several kilometres from the town by the same name, our 60 hectares of vines are planted on old and deep G\u00fcnz, silica and sand gravel soils. <\/span><\/p>\n<p><span style=\"color: #ffffff;\">We have the following grape varieties on our estate: cabernet sauvignon (70%), merlot (25%), cabernet franc (3%) and petit verdot (2%). Our vines have an average age of 40 and the density of plantation on our estate is 8500 vines per hectare.<\/span>[\/vc_column_text][\/vc_column][\/vc_row][vc_row full_height=&#8221;yes&#8221; columns_placement=&#8221;stretch&#8221; equal_height=&#8221;yes&#8221; content_placement=&#8221;middle&#8221; css_animation=&#8221;none&#8221; el_id=&#8221;section-6&#8243;][vc_column width=&#8221;7\/12&#8243;][vc_column_text]\n<h3><span style=\"color: #491600;\">Eco-friendly <\/span><br \/>\n<span style=\"color: #491600;\">vine development<\/span><\/h3>\n<p>We have adopted responsible and Haute Valeur Environnementale 3-certified wine-making practices at our Ch\u00e2teau Batailley vineyard. We have made a concerted effort to improve soil drainage and yields.[\/vc_column_text][\/vc_column][vc_column width=&#8221;5\/12&#8243; css=&#8221;.vc_custom_1630497377335{background-image: url(https:\/\/batailley.com\/wp-content\/uploads\/2021\/09\/7H0A8970.jpg?id=3521) !important;background-position: center !important;background-repeat: no-repeat !important;background-size: cover !important;}&#8221;][\/vc_column][\/vc_row][vc_row full_height=&#8221;yes&#8221; columns_placement=&#8221;stretch&#8221; equal_height=&#8221;yes&#8221; content_placement=&#8221;middle&#8221; css_animation=&#8221;none&#8221; el_id=&#8221;section-7&#8243; css=&#8221;.vc_custom_1622102174137{background-color: #f7f7f7 !important;}&#8221;][vc_column width=&#8221;5\/12&#8243; css=&#8221;.vc_custom_1639582788229{background-image: url(https:\/\/batailley.com\/wp-content\/uploads\/2021\/12\/7H0A8726-2.jpg?id=4509) !important;background-position: center !important;background-repeat: no-repeat !important;background-size: cover !important;}&#8221;][\/vc_column][vc_column width=&#8221;7\/12&#8243;][vc_column_text]\n<h3><span style=\"color: #491600;\">Controlled manual <\/span><br \/>\n<span style=\"color: #491600;\">harvests<\/span><\/h3>\n<p>We taste the grapes on all of our plots prior to collection to determine the optimal harvest date.<\/p>\n<p>Our harvest teams, under the authority of our vineyard managers, harvest the grapes from our plots when fully ripe.<\/p>\n<p>Our property teams then carry out an initial sorting of these grapes directly at the vines.[\/vc_column_text][\/vc_column][\/vc_row][vc_row full_height=&#8221;yes&#8221; columns_placement=&#8221;stretch&#8221; equal_height=&#8221;yes&#8221; content_placement=&#8221;middle&#8221; css_animation=&#8221;none&#8221; el_id=&#8221;section-8&#8243;][vc_column width=&#8221;7\/12&#8243;][vc_column_text]\n<h3><span style=\"color: #491600;\">Traditional wine-making <\/span><br \/>\n<span style=\"color: #491600;\">processes that evolve through tasting<\/span><\/h3>\n<p>The grapes are sorted for a second time as soon as they reach the cellars. They are then destemmed, crushed and placed in heat-regulated vats (100-130 hl).<\/p>\n<p>This is quickly followed by cold alcoholic fermentation (24-26\u00b0), initiating the transformation of sugar into alcohol. Once this process is complete, hot post-fermentation maceration (30-32\u00b0) refines the tannins.<\/p>\n<p>Depending on the taste, we will then drain and press the marc. This process is followed by malolactic fermentation in barrels and vats to try to reduce the wine\u2019s acidity. The wine-making process usually lasts 20-25 days. [\/vc_column_text][\/vc_column][vc_column width=&#8221;5\/12&#8243; css=&#8221;.vc_custom_1630497603378{background-image: url(https:\/\/batailley.com\/wp-content\/uploads\/2021\/09\/7H0A9588.jpg?id=3531) !important;background-position: center !important;background-repeat: no-repeat !important;background-size: cover !important;}&#8221;][\/vc_column][\/vc_row][vc_row full_height=&#8221;yes&#8221; columns_placement=&#8221;stretch&#8221; equal_height=&#8221;yes&#8221; content_placement=&#8221;middle&#8221; css_animation=&#8221;none&#8221; el_id=&#8221;section-9&#8243; css=&#8221;.vc_custom_1622102204004{background-color: #f7f7f7 !important;}&#8221;][vc_column width=&#8221;1\/3&#8243; css=&#8221;.vc_custom_1630497737583{background-image: url(https:\/\/batailley.com\/wp-content\/uploads\/2021\/09\/7H0A9521.jpg?id=3536) !important;background-position: center !important;background-repeat: no-repeat !important;background-size: cover !important;}&#8221;][\/vc_column][vc_column width=&#8221;2\/3&#8243;][vc_column_text]\n<h3><span style=\"color: #491600;\">Barrel ageing<\/span><\/h3>\n<p>Our wines are aged in French oak barrels once malolactic fermentation is complete. Each year, 60% of the barrels we use are new and 40% are recycled from previous years. Our wines are kept in barrels for at least 12 months. Our wines are clarified with egg white over the last six months before bottling.<\/p>\n<p>Our wines are racked every three to four months according to their taste. Before blending, all of our batches are tasted separately, then classified according to the qualities for our first (Le Ch\u00e2teau Batailley), second (Lions de Batailley) and third wines (Pauillac de Batailley).[\/vc_column_text][\/vc_column][\/vc_row][vc_row full_height=&#8221;yes&#8221; columns_placement=&#8221;stretch&#8221; equal_height=&#8221;yes&#8221; content_placement=&#8221;middle&#8221; css=&#8221;.vc_custom_1630497839195{background-image: url(https:\/\/batailley.com\/wp-content\/uploads\/2021\/09\/BLOC-10.jpg?id=3540) !important;background-position: center !important;background-repeat: no-repeat !important;background-size: cover !important;}&#8221; el_id=&#8221;section-10&#8243;][vc_column][\/vc_column][\/vc_row]\n<\/div>","protected":false},"excerpt":{"rendered":"<p>[vc_row full_height=&#8221;yes&#8221; columns_placement=&#8221;stretch&#8221; el_class=&#8221;vc_row_intro vc_row_intro&#8211;alt&#8221; css=&#8221;.vc_custom_1630497206751{background-image: url(https:\/\/batailley.com\/wp-content\/uploads\/2021\/09\/7H0A8782-1.jpg?id=3491) !important;background-position: center !important;background-repeat: no-repeat !important;background-size: cover !important;}&#8221; el_id=&#8221;section-1&#8243;][vc_column][vc_column_text] Terroir &amp; know-how [\/vc_column_text][\/vc_column][\/vc_row][vc_row full_height=&#8221;yes&#8221; columns_placement=&#8221;stretch&#8221; equal_height=&#8221;yes&#8221; content_placement=&#8221;middle&#8221; el_id=&#8221;section-2&#8243;][vc_column css_animation=&#8221;fadeInLeft&#8221; width=&#8221;1\/2&#8243;][vc_column_text] Pauillac, capital (&#8230;)<\/p>\n","protected":false},"author":3,"featured_media":0,"parent":0,"menu_order":0,"comment_status":"closed","ping_status":"closed","template":"","meta":{"footnotes":""},"class_list":["post-5014","page","type-page","status-publish","hentry"],"yoast_head":"<!-- This site is optimized with the Yoast SEO plugin v23.8 - https:\/\/yoast.com\/wordpress\/plugins\/seo\/ -->\n<title>Terroir &amp; Know-How - Ch\u00e2teau Batailley - Grand Cru Classe en 1855<\/title>\n<meta name=\"description\" content=\"Avec un vignoble de 62 hectares Located at the south-western tip of the Pauillac appellation, just several kilometres from the town...\" \/>\n<meta name=\"robots\" content=\"index, follow, max-snippet:-1, max-image-preview:large, max-video-preview:-1\" \/>\n<link rel=\"canonical\" href=\"https:\/\/batailley.com\/en\/terroir-and-know-how\/\" \/>\n<meta property=\"og:locale\" content=\"en_US\" \/>\n<meta property=\"og:type\" content=\"article\" \/>\n<meta property=\"og:title\" content=\"Terroir &amp; Know-How - Ch\u00e2teau Batailley - Grand Cru Classe en 1855\" \/>\n<meta property=\"og:description\" content=\"Avec un vignoble de 62 hectares Located at the south-western tip of the Pauillac appellation, just several kilometres from the town...\" \/>\n<meta property=\"og:url\" content=\"https:\/\/batailley.com\/en\/terroir-and-know-how\/\" \/>\n<meta property=\"og:site_name\" content=\"Ch\u00e2teau Batailley\" \/>\n<meta property=\"article:modified_time\" content=\"2023-04-19T07:35:41+00:00\" \/>\n<meta name=\"twitter:card\" content=\"summary_large_image\" \/>\n<meta name=\"twitter:label1\" content=\"Est. reading time\" \/>\n\t<meta name=\"twitter:data1\" content=\"5 minutes\" \/>\n<script type=\"application\/ld+json\" class=\"yoast-schema-graph\">{\"@context\":\"https:\/\/schema.org\",\"@graph\":[{\"@type\":\"WebPage\",\"@id\":\"https:\/\/batailley.com\/en\/terroir-and-know-how\/\",\"url\":\"https:\/\/batailley.com\/en\/terroir-and-know-how\/\",\"name\":\"Terroir & Know-How - Ch\u00e2teau Batailley - Grand Cru Classe en 1855\",\"isPartOf\":{\"@id\":\"https:\/\/batailley.com\/en\/#website\"},\"datePublished\":\"2019-04-17T09:31:27+00:00\",\"dateModified\":\"2023-04-19T07:35:41+00:00\",\"description\":\"Avec un vignoble de 62 hectares Located at the south-western tip of the Pauillac appellation, just several kilometres from the town...\",\"breadcrumb\":{\"@id\":\"https:\/\/batailley.com\/en\/terroir-and-know-how\/#breadcrumb\"},\"inLanguage\":\"en-US\",\"potentialAction\":[{\"@type\":\"ReadAction\",\"target\":[\"https:\/\/batailley.com\/en\/terroir-and-know-how\/\"]}]},{\"@type\":\"BreadcrumbList\",\"@id\":\"https:\/\/batailley.com\/en\/terroir-and-know-how\/#breadcrumb\",\"itemListElement\":[{\"@type\":\"ListItem\",\"position\":1,\"name\":\"Accueil\",\"item\":\"https:\/\/batailley.com\/en\/\"},{\"@type\":\"ListItem\",\"position\":2,\"name\":\"Terroir &#038; Know-How\"}]},{\"@type\":\"WebSite\",\"@id\":\"https:\/\/batailley.com\/en\/#website\",\"url\":\"https:\/\/batailley.com\/en\/\",\"name\":\"Ch\u00e2teau Batailley\",\"description\":\"Grand Cru Classe en 1855\",\"potentialAction\":[{\"@type\":\"SearchAction\",\"target\":{\"@type\":\"EntryPoint\",\"urlTemplate\":\"https:\/\/batailley.com\/en\/?s={search_term_string}\"},\"query-input\":{\"@type\":\"PropertyValueSpecification\",\"valueRequired\":true,\"valueName\":\"search_term_string\"}}],\"inLanguage\":\"en-US\"}]}<\/script>\n<!-- \/ Yoast SEO plugin. -->","yoast_head_json":{"title":"Terroir & Know-How - Ch\u00e2teau Batailley - Grand Cru Classe en 1855","description":"Avec un vignoble de 62 hectares Located at the south-western tip of the Pauillac appellation, just several kilometres from the town...","robots":{"index":"index","follow":"follow","max-snippet":"max-snippet:-1","max-image-preview":"max-image-preview:large","max-video-preview":"max-video-preview:-1"},"canonical":"https:\/\/batailley.com\/en\/terroir-and-know-how\/","og_locale":"en_US","og_type":"article","og_title":"Terroir & Know-How - Ch\u00e2teau Batailley - Grand Cru Classe en 1855","og_description":"Avec un vignoble de 62 hectares Located at the south-western tip of the Pauillac appellation, just several kilometres from the town...","og_url":"https:\/\/batailley.com\/en\/terroir-and-know-how\/","og_site_name":"Ch\u00e2teau Batailley","article_modified_time":"2023-04-19T07:35:41+00:00","twitter_card":"summary_large_image","twitter_misc":{"Est. reading time":"5 minutes"},"schema":{"@context":"https:\/\/schema.org","@graph":[{"@type":"WebPage","@id":"https:\/\/batailley.com\/en\/terroir-and-know-how\/","url":"https:\/\/batailley.com\/en\/terroir-and-know-how\/","name":"Terroir & Know-How - Ch\u00e2teau Batailley - Grand Cru Classe en 1855","isPartOf":{"@id":"https:\/\/batailley.com\/en\/#website"},"datePublished":"2019-04-17T09:31:27+00:00","dateModified":"2023-04-19T07:35:41+00:00","description":"Avec un vignoble de 62 hectares Located at the south-western tip of the Pauillac appellation, just several kilometres from the town...","breadcrumb":{"@id":"https:\/\/batailley.com\/en\/terroir-and-know-how\/#breadcrumb"},"inLanguage":"en-US","potentialAction":[{"@type":"ReadAction","target":["https:\/\/batailley.com\/en\/terroir-and-know-how\/"]}]},{"@type":"BreadcrumbList","@id":"https:\/\/batailley.com\/en\/terroir-and-know-how\/#breadcrumb","itemListElement":[{"@type":"ListItem","position":1,"name":"Accueil","item":"https:\/\/batailley.com\/en\/"},{"@type":"ListItem","position":2,"name":"Terroir &#038; Know-How"}]},{"@type":"WebSite","@id":"https:\/\/batailley.com\/en\/#website","url":"https:\/\/batailley.com\/en\/","name":"Ch\u00e2teau Batailley","description":"Grand Cru Classe en 1855","potentialAction":[{"@type":"SearchAction","target":{"@type":"EntryPoint","urlTemplate":"https:\/\/batailley.com\/en\/?s={search_term_string}"},"query-input":{"@type":"PropertyValueSpecification","valueRequired":true,"valueName":"search_term_string"}}],"inLanguage":"en-US"}]}},"_links":{"self":[{"href":"https:\/\/batailley.com\/en\/wp-json\/wp\/v2\/pages\/5014","targetHints":{"allow":["GET"]}}],"collection":[{"href":"https:\/\/batailley.com\/en\/wp-json\/wp\/v2\/pages"}],"about":[{"href":"https:\/\/batailley.com\/en\/wp-json\/wp\/v2\/types\/page"}],"author":[{"embeddable":true,"href":"https:\/\/batailley.com\/en\/wp-json\/wp\/v2\/users\/3"}],"replies":[{"embeddable":true,"href":"https:\/\/batailley.com\/en\/wp-json\/wp\/v2\/comments?post=5014"}],"version-history":[{"count":0,"href":"https:\/\/batailley.com\/en\/wp-json\/wp\/v2\/pages\/5014\/revisions"}],"wp:attachment":[{"href":"https:\/\/batailley.com\/en\/wp-json\/wp\/v2\/media?parent=5014"}],"curies":[{"name":"wp","href":"https:\/\/api.w.org\/{rel}","templated":true}]}}