{"id":5721,"date":"2026-04-20T10:50:45","date_gmt":"2026-04-20T08:50:45","guid":{"rendered":"https:\/\/batailley.com\/chateau-batailley-2023-en-primeur-2\/"},"modified":"2026-04-21T10:40:13","modified_gmt":"2026-04-21T08:40:13","slug":"chateau-batailley-2025-en-primeur","status":"publish","type":"page","link":"https:\/\/batailley.com\/en\/chateau-batailley-2025-en-primeur\/","title":{"rendered":"Ch\u00e2teau Batailley 2025 en Primeur"},"content":{"rendered":"<div class=\"wpb-content-wrapper\">[vc_row full_height=&#8221;yes&#8221; columns_placement=&#8221;stretch&#8221; el_class=&#8221;vc_row_intro vc_row_intro&#8211;alt&#8221; css=&#8221;.vc_custom_1776760693567{background-image: url(https:\/\/batailley.com\/wp-content\/uploads\/2024\/01\/IMG_7523.jpg?id=5253) !important;background-position: center !important;background-repeat: no-repeat !important;background-size: cover !important;}&#8221; el_id=&#8221;section-1&#8243;][vc_column][vc_column_text css=&#8221;&#8221;]\t<p>\r\n\t\t<a href=\"https:\/\/batailley.com\/en\/\" class=\"intro-logo\">\r\n\t\t\t<img loading=\"lazy\" decoding=\"async\" width=\"1\" height=\"1\" src=\"https:\/\/batailley.com\/wp-content\/uploads\/2021\/09\/Logo-Batailley-blanc.svg\" class=\"aligncenter logo-desktop\" alt=\"\" \/><img loading=\"lazy\" decoding=\"async\" width=\"1\" height=\"1\" src=\"https:\/\/batailley.com\/wp-content\/uploads\/2021\/09\/Logo-Batailley-blanc.svg\" class=\"aligncenter logo-mobile\" alt=\"\" \/>\t\t<\/a>\r\n\t<\/p>\r\n\t\n<h1 style=\"text-align: center;\"><span style=\"color: #ffffff;\">Ch\u00e2teau Batailley 2025<\/span><\/h1>\n[\/vc_column_text][\/vc_column][\/vc_row][vc_row full_height=&#8221;yes&#8221; columns_placement=&#8221;stretch&#8221; equal_height=&#8221;yes&#8221; content_placement=&#8221;middle&#8221; css_animation=&#8221;none&#8221; el_id=&#8221;section-8&#8243;][vc_column width=&#8221;2\/3&#8243;][vc_column_text css=&#8221;&#8221;]\n<h2><span style=\"color: #491600;\">2025 VINTAGE: A PERFECT BALANCE<br \/>\nBETWEEN EARLY RIPENING AND FRESHNESS<\/span><\/h2>\n<p>The 2025 vintage is shaping up to be outstanding, marked by a mild and dry winter that allowed winter work to be carried out under excellent conditions.<\/p>\n<p>Following an early and even budburst, the spring\u2014both mild and dry\u2014helped limit disease pressure.<\/p>\n<p>Flowering, early and rapid, took place at the end of May under favourable climatic conditions.<\/p>\n<p>The summer, characterised by a significant water deficit, promoted an equally early and uniform veraison. Hot and dry conditions persisted until mid-August, before giving way to strong diurnal temperature variations, ideal for perfecting grape ripeness.<\/p>\n<p>Harvesting, extremely early and beginning in the very first days of September, took place under very favourable conditions.<\/p>\n<p>Vinification, carried out with a focus on freshness, has resulted in a wine with vibrant fruit, a deep colour, a beautiful freshness on the palate, and a long aromatic persistence.[\/vc_column_text][\/vc_column][vc_column width=&#8221;1\/3&#8243; css=&#8221;.vc_custom_1776760731635{background-image: url(https:\/\/batailley.com\/wp-content\/uploads\/2023\/04\/batailley-ciel-bleu.jpg?id=4961) !important;background-position: center !important;background-repeat: no-repeat !important;background-size: cover !important;}&#8221;][\/vc_column][\/vc_row][vc_row full_height=&#8221;yes&#8221; equal_height=&#8221;yes&#8221; content_placement=&#8221;middle&#8221; el_id=&#8221;section-4&#8243;][vc_column css_animation=&#8221;fadeInRight&#8221; width=&#8221;1\/3&#8243; css=&#8221;.vc_custom_1776760749721{background-image: url(https:\/\/batailley.com\/wp-content\/uploads\/2026\/04\/Chateau_Batailley_2025-15.jpg?id=5738) !important;background-position: center !important;background-repeat: no-repeat !important;background-size: contain !important;}&#8221;][\/vc_column][vc_column parallax=&#8221;content-moving&#8221; parallax_image=&#8221;1850&#8243; css_animation=&#8221;fadeInLeft&#8221; width=&#8221;2\/3&#8243; css=&#8221;.vc_custom_1681996337043{background-position: center !important;background-repeat: no-repeat !important;background-size: cover !important;}&#8221; el_class=&#8221;vc_column-no-padding&#8221;][vc_column_text css=&#8221;&#8221;]\n<h3><span style=\"color: #491600;\">Tasting by Val\u00e9rie Lavigne and Axel Marchal,<\/span><br \/>\n<span style=\"color: #491600;\">Doctors of \u0152nology<\/span><\/h3>\n<p><em>\u201cThe wine displays a deep, intense dark red color. The nose, of incredible precision, is both intense and very delicate. Aromas of fresh, crunchy fruit\u2014blueberries and cherries\u2014are complemented by notes of iris. After a few seconds, more empyreumatic nuances begin to emerge. The palate does not disappoint\u2014quite the opposite. Full and supple on the attack, it evolves into a very compact texture, particularly flavorful at mid-palate. It extends into a powerful and vibrant finish. A wine of great pedigree and dimension in this remarkable Batailley 2025.\u201d<\/em>[\/vc_column_text][\/vc_column][\/vc_row][vc_row full_height=&#8221;yes&#8221; columns_placement=&#8221;stretch&#8221; equal_height=&#8221;yes&#8221; content_placement=&#8221;middle&#8221; css_animation=&#8221;none&#8221; el_id=&#8221;section-7&#8243; css=&#8221;.vc_custom_1622102174137{background-color: #f7f7f7 !important;}&#8221;][vc_column width=&#8221;1\/2&#8243;][vc_column_text css=&#8221;&#8221;]\n<h3><\/h3>\n<h3><a href=\"https:\/\/batailley.com\/wp-content\/uploads\/2026\/04\/Fiche-Primeurs-Batailley-2025-en_web.pdf\">Download technical sheet.<\/a><\/h3>\n<h3><a href=\"https:\/\/batailley.com\/wp-content\/uploads\/2026\/04\/BATAILLEY-2025-MR-scaled.jpg\">Download bottle image 75cl.<\/a><\/h3>\n<h3><a href=\"https:\/\/batailley.com\/wp-content\/uploads\/2026\/04\/Chateau_Batailley_2025-15.jpg\">Download bottle image 2,25l.<\/a><\/h3>\n[\/vc_column_text][\/vc_column][vc_column width=&#8221;1\/2&#8243; css=&#8221;.vc_custom_1713514063424{background-image: url(https:\/\/batailley.com\/wp-content\/uploads\/2023\/04\/7H0A9556.jpg?id=4942) !important;background-position: center !important;background-repeat: no-repeat !important;background-size: cover !important;}&#8221;][\/vc_column][\/vc_row]\n<\/div>","protected":false},"excerpt":{"rendered":"<p>[vc_row full_height=&#8221;yes&#8221; columns_placement=&#8221;stretch&#8221; el_class=&#8221;vc_row_intro vc_row_intro&#8211;alt&#8221; css=&#8221;.vc_custom_1776760693567{background-image: url(https:\/\/batailley.com\/wp-content\/uploads\/2024\/01\/IMG_7523.jpg?id=5253) !important;background-position: center !important;background-repeat: no-repeat !important;background-size: cover !important;}&#8221; el_id=&#8221;section-1&#8243;][vc_column][vc_column_text css=&#8221;&#8221;] Ch\u00e2teau Batailley 2025 [\/vc_column_text][\/vc_column][\/vc_row][vc_row full_height=&#8221;yes&#8221; columns_placement=&#8221;stretch&#8221; equal_height=&#8221;yes&#8221; content_placement=&#8221;middle&#8221; css_animation=&#8221;none&#8221; el_id=&#8221;section-8&#8243;][vc_column width=&#8221;2\/3&#8243;][vc_column_text css=&#8221;&#8221;] (&#8230;)<\/p>\n","protected":false},"author":3,"featured_media":0,"parent":0,"menu_order":0,"comment_status":"closed","ping_status":"closed","template":"","meta":{"footnotes":""},"class_list":["post-5721","page","type-page","status-publish","hentry"],"yoast_head":"<!-- This site is optimized with the Yoast SEO plugin v23.8 - https:\/\/yoast.com\/wordpress\/plugins\/seo\/ -->\n<title>Ch\u00e2teau Batailley 2025 en Primeur - Ch\u00e2teau Batailley - Grand Cru Classe en 1855<\/title>\n<meta name=\"description\" content=\"Discover the 2025 vintage of Ch\u00e2teau Batailley, a Grand Cru Class\u00e9 from Pauillac. Download the technical sheet and bottle visuals.\" \/>\n<meta name=\"robots\" content=\"index, follow, max-snippet:-1, max-image-preview:large, max-video-preview:-1\" \/>\n<link rel=\"canonical\" href=\"https:\/\/batailley.com\/en\/chateau-batailley-2025-en-primeur\/\" \/>\n<meta property=\"og:locale\" content=\"en_US\" \/>\n<meta property=\"og:type\" content=\"article\" \/>\n<meta property=\"og:title\" content=\"Ch\u00e2teau Batailley 2025 en Primeur - Ch\u00e2teau Batailley - Grand Cru Classe en 1855\" \/>\n<meta property=\"og:description\" content=\"Discover the 2025 vintage of Ch\u00e2teau Batailley, a Grand Cru Class\u00e9 from Pauillac. Download the technical sheet and bottle visuals.\" \/>\n<meta property=\"og:url\" content=\"https:\/\/batailley.com\/en\/chateau-batailley-2025-en-primeur\/\" \/>\n<meta property=\"og:site_name\" content=\"Ch\u00e2teau Batailley\" \/>\n<meta property=\"article:modified_time\" content=\"2026-04-21T08:40:13+00:00\" \/>\n<meta name=\"twitter:card\" content=\"summary_large_image\" \/>\n<meta name=\"twitter:label1\" content=\"Est. reading time\" \/>\n\t<meta name=\"twitter:data1\" content=\"2 minutes\" \/>\n<script type=\"application\/ld+json\" class=\"yoast-schema-graph\">{\"@context\":\"https:\/\/schema.org\",\"@graph\":[{\"@type\":\"WebPage\",\"@id\":\"https:\/\/batailley.com\/en\/chateau-batailley-2025-en-primeur\/\",\"url\":\"https:\/\/batailley.com\/en\/chateau-batailley-2025-en-primeur\/\",\"name\":\"Ch\u00e2teau Batailley 2025 en Primeur - Ch\u00e2teau Batailley - Grand Cru Classe en 1855\",\"isPartOf\":{\"@id\":\"https:\/\/batailley.com\/en\/#website\"},\"datePublished\":\"2026-04-20T08:50:45+00:00\",\"dateModified\":\"2026-04-21T08:40:13+00:00\",\"description\":\"Discover the 2025 vintage of Ch\u00e2teau Batailley, a Grand Cru Class\u00e9 from Pauillac. Download the technical sheet and bottle visuals.\",\"breadcrumb\":{\"@id\":\"https:\/\/batailley.com\/en\/chateau-batailley-2025-en-primeur\/#breadcrumb\"},\"inLanguage\":\"en-US\",\"potentialAction\":[{\"@type\":\"ReadAction\",\"target\":[\"https:\/\/batailley.com\/en\/chateau-batailley-2025-en-primeur\/\"]}]},{\"@type\":\"BreadcrumbList\",\"@id\":\"https:\/\/batailley.com\/en\/chateau-batailley-2025-en-primeur\/#breadcrumb\",\"itemListElement\":[{\"@type\":\"ListItem\",\"position\":1,\"name\":\"Accueil\",\"item\":\"https:\/\/batailley.com\/en\/\"},{\"@type\":\"ListItem\",\"position\":2,\"name\":\"Ch\u00e2teau Batailley 2025 en Primeur\"}]},{\"@type\":\"WebSite\",\"@id\":\"https:\/\/batailley.com\/en\/#website\",\"url\":\"https:\/\/batailley.com\/en\/\",\"name\":\"Ch\u00e2teau Batailley\",\"description\":\"Grand Cru Classe en 1855\",\"potentialAction\":[{\"@type\":\"SearchAction\",\"target\":{\"@type\":\"EntryPoint\",\"urlTemplate\":\"https:\/\/batailley.com\/en\/?s={search_term_string}\"},\"query-input\":{\"@type\":\"PropertyValueSpecification\",\"valueRequired\":true,\"valueName\":\"search_term_string\"}}],\"inLanguage\":\"en-US\"}]}<\/script>\n<!-- \/ Yoast SEO plugin. -->","yoast_head_json":{"title":"Ch\u00e2teau Batailley 2025 en Primeur - Ch\u00e2teau Batailley - Grand Cru Classe en 1855","description":"Discover the 2025 vintage of Ch\u00e2teau Batailley, a Grand Cru Class\u00e9 from Pauillac. Download the technical sheet and bottle visuals.","robots":{"index":"index","follow":"follow","max-snippet":"max-snippet:-1","max-image-preview":"max-image-preview:large","max-video-preview":"max-video-preview:-1"},"canonical":"https:\/\/batailley.com\/en\/chateau-batailley-2025-en-primeur\/","og_locale":"en_US","og_type":"article","og_title":"Ch\u00e2teau Batailley 2025 en Primeur - Ch\u00e2teau Batailley - Grand Cru Classe en 1855","og_description":"Discover the 2025 vintage of Ch\u00e2teau Batailley, a Grand Cru Class\u00e9 from Pauillac. Download the technical sheet and bottle visuals.","og_url":"https:\/\/batailley.com\/en\/chateau-batailley-2025-en-primeur\/","og_site_name":"Ch\u00e2teau Batailley","article_modified_time":"2026-04-21T08:40:13+00:00","twitter_card":"summary_large_image","twitter_misc":{"Est. reading time":"2 minutes"},"schema":{"@context":"https:\/\/schema.org","@graph":[{"@type":"WebPage","@id":"https:\/\/batailley.com\/en\/chateau-batailley-2025-en-primeur\/","url":"https:\/\/batailley.com\/en\/chateau-batailley-2025-en-primeur\/","name":"Ch\u00e2teau Batailley 2025 en Primeur - Ch\u00e2teau Batailley - Grand Cru Classe en 1855","isPartOf":{"@id":"https:\/\/batailley.com\/en\/#website"},"datePublished":"2026-04-20T08:50:45+00:00","dateModified":"2026-04-21T08:40:13+00:00","description":"Discover the 2025 vintage of Ch\u00e2teau Batailley, a Grand Cru Class\u00e9 from Pauillac. Download the technical sheet and bottle visuals.","breadcrumb":{"@id":"https:\/\/batailley.com\/en\/chateau-batailley-2025-en-primeur\/#breadcrumb"},"inLanguage":"en-US","potentialAction":[{"@type":"ReadAction","target":["https:\/\/batailley.com\/en\/chateau-batailley-2025-en-primeur\/"]}]},{"@type":"BreadcrumbList","@id":"https:\/\/batailley.com\/en\/chateau-batailley-2025-en-primeur\/#breadcrumb","itemListElement":[{"@type":"ListItem","position":1,"name":"Accueil","item":"https:\/\/batailley.com\/en\/"},{"@type":"ListItem","position":2,"name":"Ch\u00e2teau Batailley 2025 en Primeur"}]},{"@type":"WebSite","@id":"https:\/\/batailley.com\/en\/#website","url":"https:\/\/batailley.com\/en\/","name":"Ch\u00e2teau Batailley","description":"Grand Cru Classe en 1855","potentialAction":[{"@type":"SearchAction","target":{"@type":"EntryPoint","urlTemplate":"https:\/\/batailley.com\/en\/?s={search_term_string}"},"query-input":{"@type":"PropertyValueSpecification","valueRequired":true,"valueName":"search_term_string"}}],"inLanguage":"en-US"}]}},"_links":{"self":[{"href":"https:\/\/batailley.com\/en\/wp-json\/wp\/v2\/pages\/5721","targetHints":{"allow":["GET"]}}],"collection":[{"href":"https:\/\/batailley.com\/en\/wp-json\/wp\/v2\/pages"}],"about":[{"href":"https:\/\/batailley.com\/en\/wp-json\/wp\/v2\/types\/page"}],"author":[{"embeddable":true,"href":"https:\/\/batailley.com\/en\/wp-json\/wp\/v2\/users\/3"}],"replies":[{"embeddable":true,"href":"https:\/\/batailley.com\/en\/wp-json\/wp\/v2\/comments?post=5721"}],"version-history":[{"count":5,"href":"https:\/\/batailley.com\/en\/wp-json\/wp\/v2\/pages\/5721\/revisions"}],"predecessor-version":[{"id":5757,"href":"https:\/\/batailley.com\/en\/wp-json\/wp\/v2\/pages\/5721\/revisions\/5757"}],"wp:attachment":[{"href":"https:\/\/batailley.com\/en\/wp-json\/wp\/v2\/media?parent=5721"}],"curies":[{"name":"wp","href":"https:\/\/api.w.org\/{rel}","templated":true}]}}